{"id":189,"date":"2021-08-23T07:09:56","date_gmt":"2021-08-23T07:09:56","guid":{"rendered":"http:\/\/misblogs.site\/?page_id=189"},"modified":"2025-04-30T00:24:11","modified_gmt":"2025-04-30T00:24:11","slug":"pegasus-sublimacion","status":"publish","type":"page","link":"https:\/\/misblogs.site\/index.php\/pegasus-sublimacion\/","title":{"rendered":"Pegasus Sublimaci\u00f3n"},"content":{"rendered":"<div class=\"wp-block-image\">\n<figure class=\"aligncenter size-full is-resized\"><img loading=\"lazy\" decoding=\"async\" width=\"601\" height=\"801\" src=\"http:\/\/misblogs.site\/wp-content\/uploads\/2021\/08\/plancha-de-sublimacion.jpg\" alt=\"\" class=\"wp-image-201\" style=\"width:237px;height:auto\" srcset=\"https:\/\/misblogs.site\/wp-content\/uploads\/2021\/08\/plancha-de-sublimacion.jpg 601w, https:\/\/misblogs.site\/wp-content\/uploads\/2021\/08\/plancha-de-sublimacion-225x300.jpg 225w\" sizes=\"auto, (max-width: 601px) 100vw, 601px\" \/><\/figure>\n<\/div>\n\n\n<p>Mi peque\u00f1o taller de sublimaci\u00f3n, en este sitio compartir\u00e9 contenido de todo tipo relacionado con esta actividad.<\/p>\n\n\n\n<div class=\"wp-block-buttons is-content-justification-center is-layout-flex wp-container-core-buttons-is-layout-16018d1d wp-block-buttons-is-layout-flex\">\n<div class=\"wp-block-button is-style-fill\"><a class=\"wp-block-button__link has-vivid-cyan-blue-background-color has-background wp-element-button\" href=\"https:\/\/pegasus.misblogs.site\/\" style=\"border-radius:35px\" target=\"_blank\" rel=\"noreferrer noopener\">Pegasus Sublimaci\u00f3n<\/a><\/div>\n<\/div>\n\n\n\n<p>Realmente no soy ning\u00fan experto en el \u00e1rea pero con el tiempo iremos aprendiendo de los errores, aprenderemos  nuevas t\u00e9cnicas y conoceremos los nuevos y diferentes tipos de insumos, materiales y equipo s necesarios para este trabajo.<\/p>\n\n\n\n<p>Procesos, mostrare como es que yo realizo los diferentes procesos y flujo de trabajo que hasta ahora vengo realizando para sublimar playeras, sublimar tazas, corte de vinil y estampado de playeras con vinil, incluso un poco de serigraf\u00eda.<\/p>\n\n\n\n<p>Realizare contenido para ayudarles con algunos consejos sobre el dise\u00f1o y tratamiento de las im\u00e1genes que se van a sublimar y tambi\u00e9n el proceso de vectorizacion para corte.<\/p>\n\n\n\n<p>As\u00ed como una colecci\u00f3n de material de dise\u00f1o como plantillas, vectores, im\u00e1genes, tipos de letras, etc. para compartir de forma gratuita para que lo utilicen en sus proyectos<\/p>\n\n\n\n<p><\/p>\n\n\n\n<hr class=\"wp-block-separator has-css-opacity\"\/>\n\n\n\n<figure class=\"wp-block-gallery has-nested-images columns-default is-cropped wp-block-gallery-1 is-layout-flex wp-block-gallery-is-layout-flex\">\n<figure class=\"wp-block-image size-large\"><img loading=\"lazy\" decoding=\"async\" width=\"601\" height=\"801\" data-id=\"201\" src=\"https:\/\/misblogs.site\/wp-content\/uploads\/2021\/08\/plancha-de-sublimacion.jpg\" alt=\"\" class=\"wp-image-201\" srcset=\"https:\/\/misblogs.site\/wp-content\/uploads\/2021\/08\/plancha-de-sublimacion.jpg 601w, https:\/\/misblogs.site\/wp-content\/uploads\/2021\/08\/plancha-de-sublimacion-225x300.jpg 225w\" sizes=\"auto, (max-width: 601px) 100vw, 601px\" \/><\/figure>\n\n\n\n<figure class=\"wp-block-image size-large\"><img loading=\"lazy\" decoding=\"async\" width=\"601\" height=\"801\" data-id=\"204\" src=\"https:\/\/misblogs.site\/wp-content\/uploads\/2021\/08\/tintas-de-sublimacion.jpg\" alt=\"\" class=\"wp-image-204\" srcset=\"https:\/\/misblogs.site\/wp-content\/uploads\/2021\/08\/tintas-de-sublimacion.jpg 601w, https:\/\/misblogs.site\/wp-content\/uploads\/2021\/08\/tintas-de-sublimacion-225x300.jpg 225w\" sizes=\"auto, (max-width: 601px) 100vw, 601px\" \/><\/figure>\n\n\n\n<figure class=\"wp-block-image size-large\"><img loading=\"lazy\" decoding=\"async\" width=\"600\" height=\"800\" data-id=\"197\" src=\"https:\/\/misblogs.site\/wp-content\/uploads\/2021\/08\/cameo-4.jpg\" alt=\"\" class=\"wp-image-197\" srcset=\"https:\/\/misblogs.site\/wp-content\/uploads\/2021\/08\/cameo-4.jpg 600w, https:\/\/misblogs.site\/wp-content\/uploads\/2021\/08\/cameo-4-225x300.jpg 225w\" sizes=\"auto, (max-width: 600px) 100vw, 600px\" \/><\/figure>\n\n\n\n<figure class=\"wp-block-image size-large\"><img loading=\"lazy\" decoding=\"async\" width=\"600\" height=\"800\" data-id=\"196\" src=\"https:\/\/misblogs.site\/wp-content\/uploads\/2021\/08\/vinil-textil.jpg\" alt=\"\" class=\"wp-image-196\" srcset=\"https:\/\/misblogs.site\/wp-content\/uploads\/2021\/08\/vinil-textil.jpg 600w, https:\/\/misblogs.site\/wp-content\/uploads\/2021\/08\/vinil-textil-225x300.jpg 225w\" sizes=\"auto, (max-width: 600px) 100vw, 600px\" \/><\/figure>\n\n\n\n<figure class=\"wp-block-image size-large\"><img loading=\"lazy\" decoding=\"async\" width=\"600\" height=\"800\" data-id=\"198\" src=\"https:\/\/misblogs.site\/wp-content\/uploads\/2021\/08\/corte-de-vinil.jpg\" alt=\"\" class=\"wp-image-198\" srcset=\"https:\/\/misblogs.site\/wp-content\/uploads\/2021\/08\/corte-de-vinil.jpg 600w, https:\/\/misblogs.site\/wp-content\/uploads\/2021\/08\/corte-de-vinil-225x300.jpg 225w\" sizes=\"auto, (max-width: 600px) 100vw, 600px\" \/><\/figure>\n\n\n\n<figure class=\"wp-block-image size-large\"><img loading=\"lazy\" decoding=\"async\" width=\"600\" height=\"800\" data-id=\"199\" src=\"https:\/\/misblogs.site\/wp-content\/uploads\/2021\/08\/estampado-de-vinil.jpg\" alt=\"\" class=\"wp-image-199\" srcset=\"https:\/\/misblogs.site\/wp-content\/uploads\/2021\/08\/estampado-de-vinil.jpg 600w, https:\/\/misblogs.site\/wp-content\/uploads\/2021\/08\/estampado-de-vinil-225x300.jpg 225w\" sizes=\"auto, (max-width: 600px) 100vw, 600px\" \/><\/figure>\n\n\n\n<figure class=\"wp-block-image size-large\"><img loading=\"lazy\" decoding=\"async\" width=\"600\" height=\"800\" data-id=\"200\" src=\"https:\/\/misblogs.site\/wp-content\/uploads\/2021\/08\/lata-para-sublimar.jpg\" alt=\"\" class=\"wp-image-200\" srcset=\"https:\/\/misblogs.site\/wp-content\/uploads\/2021\/08\/lata-para-sublimar.jpg 600w, https:\/\/misblogs.site\/wp-content\/uploads\/2021\/08\/lata-para-sublimar-225x300.jpg 225w\" sizes=\"auto, (max-width: 600px) 100vw, 600px\" \/><\/figure>\n\n\n\n<figure class=\"wp-block-image size-large\"><img loading=\"lazy\" decoding=\"async\" width=\"600\" height=\"800\" data-id=\"202\" src=\"https:\/\/misblogs.site\/wp-content\/uploads\/2021\/08\/tazas-para-sublimar.jpg\" alt=\"\" class=\"wp-image-202\" srcset=\"https:\/\/misblogs.site\/wp-content\/uploads\/2021\/08\/tazas-para-sublimar.jpg 600w, https:\/\/misblogs.site\/wp-content\/uploads\/2021\/08\/tazas-para-sublimar-225x300.jpg 225w\" sizes=\"auto, (max-width: 600px) 100vw, 600px\" \/><\/figure>\n\n\n\n<figure class=\"wp-block-image size-large\"><img loading=\"lazy\" decoding=\"async\" width=\"600\" height=\"800\" data-id=\"203\" src=\"https:\/\/misblogs.site\/wp-content\/uploads\/2021\/08\/tazas-sublimadas.jpg\" alt=\"\" class=\"wp-image-203\" srcset=\"https:\/\/misblogs.site\/wp-content\/uploads\/2021\/08\/tazas-sublimadas.jpg 600w, https:\/\/misblogs.site\/wp-content\/uploads\/2021\/08\/tazas-sublimadas-225x300.jpg 225w\" sizes=\"auto, (max-width: 600px) 100vw, 600px\" \/><\/figure>\n<\/figure>\n\n\n\n<p><\/p>\n\n\n\n<p><strong>Sublimaci\u00f3n:<\/strong> todas las t\u00e9cnicas que he probado, y las formas para este proceso, he intentado la sublimaci\u00f3n aparte de telas de poli\u00e9ster y tazas y en general objetos tratados para la sublimaci\u00f3n, tambi\u00e9n lo he hecho en madera y diferentes viniles textiles y adhesivos para ver los resultados  e intentar otras formas de aplicaci\u00f3n para nuestras prendas de algod\u00f3n y de diferentes colores, adem\u00e1s de hacerlo tambi\u00e9n con polvo de poliamida y otros experimentos combinando la poliamida con otros materiales.<\/p>\n\n\n\n<p><strong>Impresi\u00f3n:<\/strong> explicare sobre mi experiencia con la impresion, algunos procesos de mantenimiento b\u00e1sicos y sobre todo c\u00f3mo quitar el famoso y molesto camino de hormigas en las hojas para sublimar.<\/p>\n\n\n\n<p><strong>Vinil Textil:<\/strong> el corte del vinil textil es simple y sin variaciones pero har\u00e9 algunos ejemplos de como deben ser los vectores para corte y algunas formas de estampado cuando son varias capas de diferentes colores<\/p>\n","protected":false},"excerpt":{"rendered":"<p>Mi peque\u00f1o taller de sublimaci\u00f3n, en este sitio compartir\u00e9 contenido de todo tipo relacionado con esta actividad. Realmente no soy ning\u00fan experto en el \u00e1rea pero con el tiempo iremos aprendiendo de los errores, aprenderemos nuevas t\u00e9cnicas y conoceremos los nuevos y diferentes tipos de insumos, materiales y equipo s necesarios para este trabajo. Procesos, [&hellip;]<\/p>\n","protected":false},"author":1,"featured_media":0,"parent":0,"menu_order":0,"comment_status":"closed","ping_status":"closed","template":"","meta":{"_monsterinsights_skip_tracking":false,"_monsterinsights_sitenote_active":false,"_monsterinsights_sitenote_note":"","_monsterinsights_sitenote_category":0,"footnotes":""},"class_list":["post-189","page","type-page","status-publish","hentry"],"_links":{"self":[{"href":"https:\/\/misblogs.site\/index.php\/wp-json\/wp\/v2\/pages\/189","targetHints":{"allow":["GET"]}}],"collection":[{"href":"https:\/\/misblogs.site\/index.php\/wp-json\/wp\/v2\/pages"}],"about":[{"href":"https:\/\/misblogs.site\/index.php\/wp-json\/wp\/v2\/types\/page"}],"author":[{"embeddable":true,"href":"https:\/\/misblogs.site\/index.php\/wp-json\/wp\/v2\/users\/1"}],"replies":[{"embeddable":true,"href":"https:\/\/misblogs.site\/index.php\/wp-json\/wp\/v2\/comments?post=189"}],"version-history":[{"count":6,"href":"https:\/\/misblogs.site\/index.php\/wp-json\/wp\/v2\/pages\/189\/revisions"}],"predecessor-version":[{"id":1909,"href":"https:\/\/misblogs.site\/index.php\/wp-json\/wp\/v2\/pages\/189\/revisions\/1909"}],"wp:attachment":[{"href":"https:\/\/misblogs.site\/index.php\/wp-json\/wp\/v2\/media?parent=189"}],"curies":[{"name":"wp","href":"https:\/\/api.w.org\/{rel}","templated":true}]}}