{"id":1910,"date":"2025-04-30T00:44:20","date_gmt":"2025-04-30T00:44:20","guid":{"rendered":"https:\/\/misblogs.site\/?page_id=1910"},"modified":"2025-04-30T00:44:20","modified_gmt":"2025-04-30T00:44:20","slug":"one-punch-man","status":"publish","type":"page","link":"https:\/\/misblogs.site\/index.php\/one-punch-man\/","title":{"rendered":"One Punch Man"},"content":{"rendered":"\n<p>Fan de One Punch Man: Pasi\u00f3n por el H\u00e9roe M\u00e1s Fuerte del Mundo<\/p>\n\n\n\n<div class=\"wp-block-buttons is-content-justification-center is-layout-flex wp-container-core-buttons-is-layout-16018d1d wp-block-buttons-is-layout-flex\">\n<div class=\"wp-block-button has-custom-width wp-block-button__width-50\"><a class=\"wp-block-button__link has-black-color has-luminous-vivid-amber-to-luminous-vivid-orange-gradient-background has-text-color has-background has-link-color wp-element-button\" href=\"https:\/\/onepunchman.misblogs.site\/\" target=\"_blank\" rel=\"noreferrer noopener\">One Punch Man<\/a><\/div>\n<\/div>\n\n\n\n<p>Como verdadero fan de One Punch Man, vivo cada episodio con emoci\u00f3n y admiraci\u00f3n por Saitama, el h\u00e9roe calvo m\u00e1s poderoso del anime. Me fascina el equilibrio entre acci\u00f3n \u00e9pica, comedia inteligente y cr\u00edtica al g\u00e9nero de superh\u00e9roes que ofrece esta obra maestra del manga y anime. Desde sus impresionantes batallas contra monstruos de la Asociaci\u00f3n hasta los momentos m\u00e1s absurdos y divertidos con Genos, King o Mumen Rider, One Punch Man es mucho m\u00e1s que solo un anime de peleas: es una experiencia que engancha desde el primer golpe.<\/p>\n\n\n\n<figure class=\"wp-block-gallery has-nested-images columns-default is-cropped wp-block-gallery-1 is-layout-flex wp-block-gallery-is-layout-flex\">\n<figure class=\"wp-block-image size-large\"><img loading=\"lazy\" decoding=\"async\" width=\"554\" height=\"1024\" data-id=\"1911\" src=\"https:\/\/misblogs.site\/wp-content\/uploads\/2025\/04\/12f2c99bcfe9c025780700aaea2b8cbc-554x1024.jpg\" alt=\"\" class=\"wp-image-1911\" srcset=\"https:\/\/misblogs.site\/wp-content\/uploads\/2025\/04\/12f2c99bcfe9c025780700aaea2b8cbc-554x1024.jpg 554w, https:\/\/misblogs.site\/wp-content\/uploads\/2025\/04\/12f2c99bcfe9c025780700aaea2b8cbc-162x300.jpg 162w, https:\/\/misblogs.site\/wp-content\/uploads\/2025\/04\/12f2c99bcfe9c025780700aaea2b8cbc.jpg 720w\" sizes=\"auto, (max-width: 554px) 100vw, 554px\" \/><\/figure>\n\n\n\n<figure class=\"wp-block-image size-large\"><img loading=\"lazy\" decoding=\"async\" width=\"736\" height=\"920\" data-id=\"1912\" src=\"https:\/\/misblogs.site\/wp-content\/uploads\/2025\/04\/29a33c34e2bc04889a033ef446463cc1.jpg\" alt=\"\" class=\"wp-image-1912\" srcset=\"https:\/\/misblogs.site\/wp-content\/uploads\/2025\/04\/29a33c34e2bc04889a033ef446463cc1.jpg 736w, https:\/\/misblogs.site\/wp-content\/uploads\/2025\/04\/29a33c34e2bc04889a033ef446463cc1-240x300.jpg 240w\" sizes=\"auto, (max-width: 736px) 100vw, 736px\" \/><\/figure>\n\n\n\n<figure class=\"wp-block-image size-large\"><img loading=\"lazy\" decoding=\"async\" width=\"574\" height=\"1024\" data-id=\"1915\" src=\"https:\/\/misblogs.site\/wp-content\/uploads\/2025\/04\/482807234_603947532603981_8673160019595442239_n-574x1024.jpg\" alt=\"\" class=\"wp-image-1915\" srcset=\"https:\/\/misblogs.site\/wp-content\/uploads\/2025\/04\/482807234_603947532603981_8673160019595442239_n-574x1024.jpg 574w, https:\/\/misblogs.site\/wp-content\/uploads\/2025\/04\/482807234_603947532603981_8673160019595442239_n-168x300.jpg 168w, https:\/\/misblogs.site\/wp-content\/uploads\/2025\/04\/482807234_603947532603981_8673160019595442239_n-768x1370.jpg 768w, https:\/\/misblogs.site\/wp-content\/uploads\/2025\/04\/482807234_603947532603981_8673160019595442239_n.jpg 816w\" sizes=\"auto, (max-width: 574px) 100vw, 574px\" \/><\/figure>\n\n\n\n<figure class=\"wp-block-image size-large\"><img loading=\"lazy\" decoding=\"async\" width=\"771\" height=\"1024\" data-id=\"1916\" src=\"https:\/\/misblogs.site\/wp-content\/uploads\/2025\/04\/494219002_1238481441617094_8686177478835375966_n-771x1024.jpg\" alt=\"\" class=\"wp-image-1916\" srcset=\"https:\/\/misblogs.site\/wp-content\/uploads\/2025\/04\/494219002_1238481441617094_8686177478835375966_n-771x1024.jpg 771w, https:\/\/misblogs.site\/wp-content\/uploads\/2025\/04\/494219002_1238481441617094_8686177478835375966_n-226x300.jpg 226w, https:\/\/misblogs.site\/wp-content\/uploads\/2025\/04\/494219002_1238481441617094_8686177478835375966_n-768x1020.jpg 768w, https:\/\/misblogs.site\/wp-content\/uploads\/2025\/04\/494219002_1238481441617094_8686177478835375966_n.jpg 928w\" sizes=\"auto, (max-width: 771px) 100vw, 771px\" \/><\/figure>\n\n\n\n<figure class=\"wp-block-image size-large\"><img loading=\"lazy\" decoding=\"async\" width=\"768\" height=\"1024\" data-id=\"1914\" src=\"https:\/\/misblogs.site\/wp-content\/uploads\/2025\/04\/fubuki-one-punch-man-fan-art-ia.jpg_346160915-768x1024.webp\" alt=\"\" class=\"wp-image-1914\" srcset=\"https:\/\/misblogs.site\/wp-content\/uploads\/2025\/04\/fubuki-one-punch-man-fan-art-ia.jpg_346160915-768x1024.webp 768w, https:\/\/misblogs.site\/wp-content\/uploads\/2025\/04\/fubuki-one-punch-man-fan-art-ia.jpg_346160915-225x300.webp 225w, https:\/\/misblogs.site\/wp-content\/uploads\/2025\/04\/fubuki-one-punch-man-fan-art-ia.jpg_346160915.webp 800w\" sizes=\"auto, (max-width: 768px) 100vw, 768px\" \/><\/figure>\n\n\n\n<figure class=\"wp-block-image size-large\"><img loading=\"lazy\" decoding=\"async\" width=\"340\" height=\"568\" data-id=\"1913\" src=\"https:\/\/misblogs.site\/wp-content\/uploads\/2025\/04\/KIIIIIINGO.webp\" alt=\"\" class=\"wp-image-1913\" srcset=\"https:\/\/misblogs.site\/wp-content\/uploads\/2025\/04\/KIIIIIINGO.webp 340w, https:\/\/misblogs.site\/wp-content\/uploads\/2025\/04\/KIIIIIINGO-180x300.webp 180w\" sizes=\"auto, (max-width: 340px) 100vw, 340px\" \/><\/figure>\n<\/figure>\n\n\n\n<p>Sigo de cerca cada temporada, los desarrollos del manga y todo lo relacionado con el universo creado por ONE y Yusuke Murata. Me encanta analizar teor\u00edas de la trama, coleccionar figuras de acci\u00f3n, ropa de Saitama, y compartir contenido con la comunidad otaku. Si t\u00fa tambi\u00e9n admiras el poder sin l\u00edmites y la humildad de Saitama, \u00a1est\u00e1s en el lugar correcto!<\/p>\n\n\n\n<p>Adem\u00e1s de disfrutar el anime y el manga, como fan de One Punch Man me encanta explorar el trasfondo de sus personajes. Desde el crecimiento de Genos como disc\u00edpulo de Saitama hasta la evoluci\u00f3n de villanos como Garou, cada historia aporta profundidad y emoci\u00f3n a la serie. Tambi\u00e9n sigo con entusiasmo las novedades del manga dibujado por Yusuke Murata, cuyas ilustraciones espectaculares elevan cada pelea a otro nivel. Estar al d\u00eda con los cap\u00edtulos m\u00e1s recientes es parte esencial de mi rutina otaku.<\/p>\n\n\n\n<p>Tambi\u00e9n participo activamente en foros, comunidades y redes sociales dedicadas a One Punch Man. Me gusta compartir opiniones, teor\u00edas de fans, memes y momentos ic\u00f3nicos de la serie. Ya sea hablando del poder de Boros o del carisma de personajes como Fubuki o Tatsumaki, siempre hay algo emocionante que comentar. Si eres fan\u00e1tico del anime shonen con giros inesperados y humor \u00fanico, sin duda encontrar\u00e1s en One Punch Man una fuente inagotable de entretenimiento.<\/p>\n","protected":false},"excerpt":{"rendered":"<p>Fan de One Punch Man: Pasi\u00f3n por el H\u00e9roe M\u00e1s Fuerte del Mundo Como verdadero fan de One Punch Man, vivo cada episodio con emoci\u00f3n y admiraci\u00f3n por Saitama, el h\u00e9roe calvo m\u00e1s poderoso del anime. Me fascina el equilibrio entre acci\u00f3n \u00e9pica, comedia inteligente y cr\u00edtica al g\u00e9nero de superh\u00e9roes que ofrece esta obra [&hellip;]<\/p>\n","protected":false},"author":1,"featured_media":0,"parent":0,"menu_order":0,"comment_status":"closed","ping_status":"closed","template":"","meta":{"_monsterinsights_skip_tracking":false,"_monsterinsights_sitenote_active":false,"_monsterinsights_sitenote_note":"","_monsterinsights_sitenote_category":0,"footnotes":""},"class_list":["post-1910","page","type-page","status-publish","hentry"],"_links":{"self":[{"href":"https:\/\/misblogs.site\/index.php\/wp-json\/wp\/v2\/pages\/1910","targetHints":{"allow":["GET"]}}],"collection":[{"href":"https:\/\/misblogs.site\/index.php\/wp-json\/wp\/v2\/pages"}],"about":[{"href":"https:\/\/misblogs.site\/index.php\/wp-json\/wp\/v2\/types\/page"}],"author":[{"embeddable":true,"href":"https:\/\/misblogs.site\/index.php\/wp-json\/wp\/v2\/users\/1"}],"replies":[{"embeddable":true,"href":"https:\/\/misblogs.site\/index.php\/wp-json\/wp\/v2\/comments?post=1910"}],"version-history":[{"count":1,"href":"https:\/\/misblogs.site\/index.php\/wp-json\/wp\/v2\/pages\/1910\/revisions"}],"predecessor-version":[{"id":1917,"href":"https:\/\/misblogs.site\/index.php\/wp-json\/wp\/v2\/pages\/1910\/revisions\/1917"}],"wp:attachment":[{"href":"https:\/\/misblogs.site\/index.php\/wp-json\/wp\/v2\/media?parent=1910"}],"curies":[{"name":"wp","href":"https:\/\/api.w.org\/{rel}","templated":true}]}}