{"id":1937,"date":"2025-05-14T04:21:07","date_gmt":"2025-05-14T04:21:07","guid":{"rendered":"https:\/\/misblogs.site\/?page_id=1937"},"modified":"2025-05-14T04:21:07","modified_gmt":"2025-05-14T04:21:07","slug":"saint-seiya","status":"publish","type":"page","link":"https:\/\/misblogs.site\/index.php\/saint-seiya\/","title":{"rendered":"Saint Seiya"},"content":{"rendered":"\n<div class=\"wp-block-buttons is-content-justification-center is-layout-flex wp-container-core-buttons-is-layout-16018d1d wp-block-buttons-is-layout-flex\">\n<div class=\"wp-block-button has-custom-width wp-block-button__width-50\"><a class=\"wp-block-button__link has-white-color has-text-color has-background has-link-color wp-element-button\" href=\"https:\/\/saintseiya.misblogs.site\/\" style=\"background:linear-gradient(135deg,rgb(6,147,227) 0%,rgb(23,0,137) 100%)\" target=\"_blank\" rel=\"noreferrer noopener\"><strong>Saint Seiya<\/strong><\/a><\/div>\n<\/div>\n\n\n\n<p>\u00a1Descubre el \u00c9pico Mundo de Saint Seiya: Caballeros del Zod\u00edaco!<\/p>\n\n\n\n<p>Sum\u00e9rgete en el fascinante universo de Saint Seiya, una de las series de anime m\u00e1s ic\u00f3nicas y queridas de todos los tiempos. Con una mezcla perfecta de acci\u00f3n, aventura y mitolog\u00eda, Saint Seiya ha cautivado a millones de fans alrededor del mundo.<\/p>\n\n\n\n<figure class=\"wp-block-gallery has-nested-images columns-default is-cropped wp-block-gallery-1 is-layout-flex wp-block-gallery-is-layout-flex\">\n<figure class=\"wp-block-image size-large\"><img loading=\"lazy\" decoding=\"async\" width=\"720\" height=\"960\" data-id=\"1938\" src=\"https:\/\/misblogs.site\/wp-content\/uploads\/2025\/05\/8618271.jpg\" alt=\"\" class=\"wp-image-1938\" srcset=\"https:\/\/misblogs.site\/wp-content\/uploads\/2025\/05\/8618271.jpg 720w, https:\/\/misblogs.site\/wp-content\/uploads\/2025\/05\/8618271-225x300.jpg 225w\" sizes=\"auto, (max-width: 720px) 100vw, 720px\" \/><\/figure>\n\n\n\n<figure class=\"wp-block-image size-large\"><img loading=\"lazy\" decoding=\"async\" width=\"724\" height=\"1024\" data-id=\"1939\" src=\"https:\/\/misblogs.site\/wp-content\/uploads\/2025\/05\/christiaan-mateo-saori-724x1024.jpg\" alt=\"\" class=\"wp-image-1939\" srcset=\"https:\/\/misblogs.site\/wp-content\/uploads\/2025\/05\/christiaan-mateo-saori-724x1024.jpg 724w, https:\/\/misblogs.site\/wp-content\/uploads\/2025\/05\/christiaan-mateo-saori-212x300.jpg 212w, https:\/\/misblogs.site\/wp-content\/uploads\/2025\/05\/christiaan-mateo-saori-768x1086.jpg 768w, https:\/\/misblogs.site\/wp-content\/uploads\/2025\/05\/christiaan-mateo-saori-1086x1536.jpg 1086w, https:\/\/misblogs.site\/wp-content\/uploads\/2025\/05\/christiaan-mateo-saori-1448x2048.jpg 1448w, https:\/\/misblogs.site\/wp-content\/uploads\/2025\/05\/christiaan-mateo-saori-scaled.jpg 1810w\" sizes=\"auto, (max-width: 724px) 100vw, 724px\" \/><\/figure>\n\n\n\n<figure class=\"wp-block-image size-large\"><img loading=\"lazy\" decoding=\"async\" width=\"650\" height=\"1024\" data-id=\"1940\" src=\"https:\/\/misblogs.site\/wp-content\/uploads\/2025\/05\/d16karz-c7744685-675c-4d05-b8be-27dac598a3e0.jpg\" alt=\"\" class=\"wp-image-1940\" srcset=\"https:\/\/misblogs.site\/wp-content\/uploads\/2025\/05\/d16karz-c7744685-675c-4d05-b8be-27dac598a3e0.jpg 650w, https:\/\/misblogs.site\/wp-content\/uploads\/2025\/05\/d16karz-c7744685-675c-4d05-b8be-27dac598a3e0-190x300.jpg 190w\" sizes=\"auto, (max-width: 650px) 100vw, 650px\" \/><\/figure>\n\n\n\n<figure class=\"wp-block-image size-large\"><img loading=\"lazy\" decoding=\"async\" width=\"576\" height=\"1024\" data-id=\"1941\" src=\"https:\/\/misblogs.site\/wp-content\/uploads\/2025\/05\/e4b1f5c05d8248a7bcc08586e983cef5-576x1024.jpg\" alt=\"\" class=\"wp-image-1941\" srcset=\"https:\/\/misblogs.site\/wp-content\/uploads\/2025\/05\/e4b1f5c05d8248a7bcc08586e983cef5-576x1024.jpg 576w, https:\/\/misblogs.site\/wp-content\/uploads\/2025\/05\/e4b1f5c05d8248a7bcc08586e983cef5-169x300.jpg 169w, https:\/\/misblogs.site\/wp-content\/uploads\/2025\/05\/e4b1f5c05d8248a7bcc08586e983cef5.jpg 715w\" sizes=\"auto, (max-width: 576px) 100vw, 576px\" \/><\/figure>\n\n\n\n<figure class=\"wp-block-image size-large\"><img loading=\"lazy\" decoding=\"async\" width=\"724\" height=\"1024\" data-id=\"1942\" src=\"https:\/\/misblogs.site\/wp-content\/uploads\/2025\/05\/elson-soares-hyoga-de-cisne-724x1024.jpg\" alt=\"\" class=\"wp-image-1942\" srcset=\"https:\/\/misblogs.site\/wp-content\/uploads\/2025\/05\/elson-soares-hyoga-de-cisne-724x1024.jpg 724w, https:\/\/misblogs.site\/wp-content\/uploads\/2025\/05\/elson-soares-hyoga-de-cisne-212x300.jpg 212w, https:\/\/misblogs.site\/wp-content\/uploads\/2025\/05\/elson-soares-hyoga-de-cisne-768x1086.jpg 768w, https:\/\/misblogs.site\/wp-content\/uploads\/2025\/05\/elson-soares-hyoga-de-cisne-1086x1536.jpg 1086w, https:\/\/misblogs.site\/wp-content\/uploads\/2025\/05\/elson-soares-hyoga-de-cisne-1448x2048.jpg 1448w, https:\/\/misblogs.site\/wp-content\/uploads\/2025\/05\/elson-soares-hyoga-de-cisne-scaled.jpg 1810w\" sizes=\"auto, (max-width: 724px) 100vw, 724px\" \/><\/figure>\n\n\n\n<figure class=\"wp-block-image size-large\"><img loading=\"lazy\" decoding=\"async\" width=\"338\" height=\"470\" data-id=\"1943\" src=\"https:\/\/misblogs.site\/wp-content\/uploads\/2025\/05\/HD-wallpaper-dragon-shiryu-dragon-shiryu-thumbnail.jpg\" alt=\"\" class=\"wp-image-1943\" srcset=\"https:\/\/misblogs.site\/wp-content\/uploads\/2025\/05\/HD-wallpaper-dragon-shiryu-dragon-shiryu-thumbnail.jpg 338w, https:\/\/misblogs.site\/wp-content\/uploads\/2025\/05\/HD-wallpaper-dragon-shiryu-dragon-shiryu-thumbnail-216x300.jpg 216w\" sizes=\"auto, (max-width: 338px) 100vw, 338px\" \/><\/figure>\n<\/figure>\n\n\n\n<p><strong>\u00bfPor qu\u00e9 Saint Seiya es tan Especial?<\/strong><\/p>\n\n\n\n<ol class=\"wp-block-list\">\n<li><strong>Personajes Inolvidables<\/strong>: Desde el valiente Seiya de Pegaso hasta el misterioso Shiryu de Drag\u00f3n, cada Caballero del Zod\u00edaco tiene una historia \u00fanica y habilidades extraordinarias que los hacen inolvidables.<\/li>\n\n\n\n<li><strong>Batallas \u00c9picas<\/strong>: Las luchas en Saint Seiya son legendarias. Cada batalla est\u00e1 llena de emoci\u00f3n, estrategia y poderes sobrenaturales que mantienen a los espectadores al borde de sus asientos.<\/li>\n\n\n\n<li><strong>Mitolog\u00eda Rica<\/strong>: La serie est\u00e1 profundamente arraigada en la mitolog\u00eda griega, lo que a\u00f1ade una capa de profundidad y riqueza a la trama. Los dioses, las diosas y las criaturas mitol\u00f3gicas cobran vida en cada episodio.<\/li>\n\n\n\n<li><strong>Valores y Lecciones<\/strong>: Saint Seiya no solo es entretenimiento; tambi\u00e9n ense\u00f1a valiosas lecciones sobre la amistad, el coraje, la lealtad y la perseverancia.<\/li>\n\n\n\n<li><strong>Animaci\u00f3n y Banda Sonora<\/strong>: La animaci\u00f3n cl\u00e1sica y la banda sonora \u00e9pica de Saint Seiya son elementos clave que han contribuido a su \u00e9xito duradero.<\/li>\n<\/ol>\n\n\n\n<p><strong>\u00danete a la Aventura<\/strong><\/p>\n\n\n\n<p>No importa si eres un fan de toda la vida o un reci\u00e9n llegado, Saint Seiya tiene algo para todos. \u00danete a los Caballeros del Zod\u00edaco en su misi\u00f3n para proteger a la diosa Athena y salvar al mundo de las fuerzas del mal.<\/p>\n\n\n\n<p>\u00a1No te pierdas la oportunidad de ser parte de esta legendaria saga! Visita nuestra p\u00e1gina para obtener m\u00e1s informaci\u00f3n, noticias y actualizaciones sobre Saint Seiya.<\/p>\n\n\n\n<p>\u00a1Prep\u00e1rate para vivir una experiencia inolvidable con Saint Seiya!<\/p>\n","protected":false},"excerpt":{"rendered":"<p>\u00a1Descubre el \u00c9pico Mundo de Saint Seiya: Caballeros del Zod\u00edaco! Sum\u00e9rgete en el fascinante universo de Saint Seiya, una de las series de anime m\u00e1s ic\u00f3nicas y queridas de todos los tiempos. Con una mezcla perfecta de acci\u00f3n, aventura y mitolog\u00eda, Saint Seiya ha cautivado a millones de fans alrededor del mundo. \u00bfPor qu\u00e9 Saint [&hellip;]<\/p>\n","protected":false},"author":1,"featured_media":0,"parent":0,"menu_order":0,"comment_status":"closed","ping_status":"closed","template":"","meta":{"_monsterinsights_skip_tracking":false,"_monsterinsights_sitenote_active":false,"_monsterinsights_sitenote_note":"","_monsterinsights_sitenote_category":0,"footnotes":""},"class_list":["post-1937","page","type-page","status-publish","hentry"],"_links":{"self":[{"href":"https:\/\/misblogs.site\/index.php\/wp-json\/wp\/v2\/pages\/1937","targetHints":{"allow":["GET"]}}],"collection":[{"href":"https:\/\/misblogs.site\/index.php\/wp-json\/wp\/v2\/pages"}],"about":[{"href":"https:\/\/misblogs.site\/index.php\/wp-json\/wp\/v2\/types\/page"}],"author":[{"embeddable":true,"href":"https:\/\/misblogs.site\/index.php\/wp-json\/wp\/v2\/users\/1"}],"replies":[{"embeddable":true,"href":"https:\/\/misblogs.site\/index.php\/wp-json\/wp\/v2\/comments?post=1937"}],"version-history":[{"count":1,"href":"https:\/\/misblogs.site\/index.php\/wp-json\/wp\/v2\/pages\/1937\/revisions"}],"predecessor-version":[{"id":1945,"href":"https:\/\/misblogs.site\/index.php\/wp-json\/wp\/v2\/pages\/1937\/revisions\/1945"}],"wp:attachment":[{"href":"https:\/\/misblogs.site\/index.php\/wp-json\/wp\/v2\/media?parent=1937"}],"curies":[{"name":"wp","href":"https:\/\/api.w.org\/{rel}","templated":true}]}}