{"id":2,"date":"2021-01-03T07:31:45","date_gmt":"2021-01-03T07:31:45","guid":{"rendered":"http:\/\/misblogs.site\/?page_id=2"},"modified":"2025-08-16T22:38:11","modified_gmt":"2025-08-16T22:38:11","slug":"pagina-ejemplo","status":"publish","type":"page","link":"https:\/\/misblogs.site\/","title":{"rendered":"Mis blogs"},"content":{"rendered":"\n<p>Mis blogs es una pagina para crear blogs con diferentes tem\u00e1ticas que se listar\u00e1n a continuaci\u00f3n en cuanto se vayan creando.<\/p>\n\n\n\n<p><\/p>\n\n\n\n<p>Mis intereses son demasiado extensos y me gusta conservar la informaci\u00f3n y conocimientos que voy adquiriendo, as\u00ed que he creado este sitio para compartir esa informaci\u00f3n.<\/p>\n\n\n\n<p><\/p>\n\n\n\n<p>En el sitio podr\u00e1s encontrar informaci\u00f3n variada pero sobre todo de mis propios intereses como la programaci\u00f3n, Videojuegos, Mitolog\u00eda, Anime, entre muchos otros temas de inter\u00e9s.<\/p>\n\n\n\n<p><\/p>\n\n\n\n<p><\/p>\n\n\n\n<p><\/p>\n\n\n\n<p><\/p>\n\n\n\n<hr class=\"wp-block-separator has-alpha-channel-opacity\"\/>\n\n\n<div class=\"wp-block-image\">\n<figure class=\"aligncenter size-large is-resized\"><img loading=\"lazy\" decoding=\"async\" width=\"1024\" height=\"410\" src=\"https:\/\/misblogs.site\/wp-content\/uploads\/2025\/08\/N8n-logo-new.svg_-1024x410.png\" alt=\"\" class=\"wp-image-2000\" style=\"width:554px;height:auto\" srcset=\"https:\/\/misblogs.site\/wp-content\/uploads\/2025\/08\/N8n-logo-new.svg_-1024x410.png 1024w, https:\/\/misblogs.site\/wp-content\/uploads\/2025\/08\/N8n-logo-new.svg_-300x120.png 300w, https:\/\/misblogs.site\/wp-content\/uploads\/2025\/08\/N8n-logo-new.svg_-768x307.png 768w, https:\/\/misblogs.site\/wp-content\/uploads\/2025\/08\/N8n-logo-new.svg_-1536x614.png 1536w, https:\/\/misblogs.site\/wp-content\/uploads\/2025\/08\/N8n-logo-new.svg_-2048x819.png 2048w\" sizes=\"auto, (max-width: 1024px) 100vw, 1024px\" \/><\/figure>\n<\/div>\n\n\n<p class=\"has-text-align-center\">Impulsa tu negocio con Hosting + n8n: Automatizaci\u00f3n y rendimiento en un solo lugar <\/p>\n\n\n\n<div class=\"wp-block-buttons is-content-justification-center is-layout-flex wp-container-core-buttons-is-layout-16018d1d wp-block-buttons-is-layout-flex\">\n<div class=\"wp-block-button is-style-fill\"><a class=\"wp-block-button__link has-white-color has-text-color has-background has-link-color has-medium-font-size has-custom-font-size wp-element-button\" href=\"https:\/\/bit.ly\/3Q3pcFb\" style=\"background-color:#ff4573\" target=\"_blank\" rel=\"noreferrer noopener\"><strong>Hosting VPS n8n  -20%<\/strong><\/a><\/div>\n<\/div>\n\n\n\n<p><\/p>\n\n\n\n<p>\ud83d\ude80 <strong>Potencia tu presencia online con nuestro hosting web<\/strong> \ud83c\udf10<\/p>\n\n\n\n<p>\ud83d\udd25 \u00a1Lanza tu web hoy mismo y crece sin l\u00edmites! \ud83d\udd25<\/p>\n\n\n\n<p>\u00bfBuscas un hosting r\u00e1pido, seguro y confiable para tu proyecto en l\u00ednea? \ud83d\ude80 Ahora tienes la oportunidad perfecta: aprovecha un <strong>20% de descuento exclusivo<\/strong> al contratar tu plan de hosting a trav\u00e9s de mi enlace de afiliado. Obtendr\u00e1s velocidad optimizada, soporte t\u00e9cnico 24\/7 y todas las herramientas necesarias para que tu web crezca sin l\u00edmites. \u00a1No dejes pasar esta oferta y lleva tu presencia digital al siguiente nivel!<\/p>\n\n\n\n<figure class=\"wp-block-image size-large is-resized\"><img loading=\"lazy\" decoding=\"async\" width=\"1024\" height=\"220\" src=\"https:\/\/misblogs.site\/wp-content\/uploads\/2025\/02\/hostinger-logo-freelogovectors.net_-1-1024x220.png\" alt=\"\" class=\"wp-image-1896\" style=\"width:827px;height:auto\" srcset=\"https:\/\/misblogs.site\/wp-content\/uploads\/2025\/02\/hostinger-logo-freelogovectors.net_-1-1024x220.png 1024w, https:\/\/misblogs.site\/wp-content\/uploads\/2025\/02\/hostinger-logo-freelogovectors.net_-1-300x64.png 300w, https:\/\/misblogs.site\/wp-content\/uploads\/2025\/02\/hostinger-logo-freelogovectors.net_-1-768x165.png 768w, https:\/\/misblogs.site\/wp-content\/uploads\/2025\/02\/hostinger-logo-freelogovectors.net_-1.png 1280w\" sizes=\"auto, (max-width: 1024px) 100vw, 1024px\" \/><\/figure>\n\n\n\n<p><\/p>\n\n\n\n<div class=\"wp-block-buttons is-layout-flex wp-block-buttons-is-layout-flex\">\n<div class=\"wp-block-button has-custom-width wp-block-button__width-50\"><a class=\"wp-block-button__link has-background wp-element-button\" href=\"https:\/\/bit.ly\/40LCb3u\" style=\"background-color:#6e00ff\" target=\"_blank\" rel=\"noreferrer noopener\"><strong>Web Hosting<\/strong> -20%<\/a><\/div>\n\n\n\n<div class=\"wp-block-button has-custom-width wp-block-button__width-50 is-style-fill\"><a class=\"wp-block-button__link has-background wp-element-button\" href=\"https:\/\/bit.ly\/42G6Phb\" style=\"background-color:#6e00ff\" target=\"_blank\" rel=\"noreferrer noopener\"><strong>Email Business<\/strong> -20%<\/a><\/div>\n<\/div>\n\n\n\n<p><\/p>\n\n\n\n<div class=\"wp-block-buttons is-layout-flex wp-block-buttons-is-layout-flex\">\n<div class=\"wp-block-button has-custom-width wp-block-button__width-50\"><a class=\"wp-block-button__link has-background wp-element-button\" href=\"https:\/\/bit.ly\/3Q3pcFb\" style=\"background-color:#6e00ff\" target=\"_blank\" rel=\"noreferrer noopener\"><strong>Hosting VPS<\/strong> -20%<\/a><\/div>\n\n\n\n<div class=\"wp-block-button has-custom-width wp-block-button__width-50\"><a class=\"wp-block-button__link has-background wp-element-button\" href=\"https:\/\/bit.ly\/4jBeYJM\" style=\"background-color:#6e00ff\" target=\"_blank\" rel=\"noreferrer noopener\"><strong>Cloud Server<\/strong> -20%<\/a><\/div>\n<\/div>\n\n\n\n<p><\/p>\n","protected":false},"excerpt":{"rendered":"<p>Mis blogs es una pagina para crear blogs con diferentes tem\u00e1ticas que se listar\u00e1n a continuaci\u00f3n en cuanto se vayan creando. Mis intereses son demasiado extensos y me gusta conservar la informaci\u00f3n y conocimientos que voy adquiriendo, as\u00ed que he creado este sitio para compartir esa informaci\u00f3n. En el sitio podr\u00e1s encontrar informaci\u00f3n variada pero [&hellip;]<\/p>\n","protected":false},"author":1,"featured_media":0,"parent":0,"menu_order":0,"comment_status":"closed","ping_status":"open","template":"","meta":{"_monsterinsights_skip_tracking":false,"_monsterinsights_sitenote_active":false,"_monsterinsights_sitenote_note":"","_monsterinsights_sitenote_category":0,"footnotes":""},"class_list":["post-2","page","type-page","status-publish","hentry"],"_links":{"self":[{"href":"https:\/\/misblogs.site\/index.php\/wp-json\/wp\/v2\/pages\/2","targetHints":{"allow":["GET"]}}],"collection":[{"href":"https:\/\/misblogs.site\/index.php\/wp-json\/wp\/v2\/pages"}],"about":[{"href":"https:\/\/misblogs.site\/index.php\/wp-json\/wp\/v2\/types\/page"}],"author":[{"embeddable":true,"href":"https:\/\/misblogs.site\/index.php\/wp-json\/wp\/v2\/users\/1"}],"replies":[{"embeddable":true,"href":"https:\/\/misblogs.site\/index.php\/wp-json\/wp\/v2\/comments?post=2"}],"version-history":[{"count":20,"href":"https:\/\/misblogs.site\/index.php\/wp-json\/wp\/v2\/pages\/2\/revisions"}],"predecessor-version":[{"id":2001,"href":"https:\/\/misblogs.site\/index.php\/wp-json\/wp\/v2\/pages\/2\/revisions\/2001"}],"wp:attachment":[{"href":"https:\/\/misblogs.site\/index.php\/wp-json\/wp\/v2\/media?parent=2"}],"curies":[{"name":"wp","href":"https:\/\/api.w.org\/{rel}","templated":true}]}}