{"id":23,"date":"2021-02-18T00:17:40","date_gmt":"2021-02-18T00:17:40","guid":{"rendered":"http:\/\/misblogs.site\/?page_id=23"},"modified":"2024-07-17T01:09:23","modified_gmt":"2024-07-17T01:09:23","slug":"mitologia","status":"publish","type":"page","link":"https:\/\/misblogs.site\/index.php\/mitologia\/","title":{"rendered":"Mitolog\u00eda"},"content":{"rendered":"<div class=\"wp-block-image\">\n<figure class=\"aligncenter size-large\"><img loading=\"lazy\" decoding=\"async\" width=\"450\" height=\"253\" src=\"http:\/\/misblogs.site\/wp-content\/uploads\/2021\/05\/450_1000-1.jpg\" alt=\"\" class=\"wp-image-70\" srcset=\"https:\/\/misblogs.site\/wp-content\/uploads\/2021\/05\/450_1000-1.jpg 450w, https:\/\/misblogs.site\/wp-content\/uploads\/2021\/05\/450_1000-1-300x169.jpg 300w\" sizes=\"auto, (max-width: 450px) 100vw, 450px\" \/><\/figure>\n<\/div>\n\n\n<p><\/p>\n\n\n\n<div class=\"wp-block-buttons is-content-justification-center is-layout-flex wp-container-core-buttons-is-layout-16018d1d wp-block-buttons-is-layout-flex\">\n<div class=\"wp-block-button has-custom-width wp-block-button__width-50\"><a class=\"wp-block-button__link has-black-color has-text-color has-background wp-element-button\" href=\"https:\/\/mitologia.misblogs.site\/\" style=\"background:linear-gradient(90deg,rgb(255,206,236) 0%,rgb(152,150,240) 100%)\" target=\"_blank\" rel=\"noreferrer noopener\">Blog de mitolog\u00eda<\/a><\/div>\n<\/div>\n\n\n\n<p><\/p>\n\n\n\n<p>La mitolog\u00eda es un conjunto de mitos relativamente cohesionados o paralelamente adheridos: relatos que forman parte de una determinada religi\u00f3n o cultura. Tambi\u00e9n se les denomina mitos a los discursos, narraciones o expresiones culturales de origen sagrado, y que posteriormente fueron secularizados y tratados como discursos relativos a una cultura, a una \u00e9poca o a una serie de creencias de car\u00e1cter imaginario.<\/p>\n\n\n\n<p>Los mitos son relatos basados en la tradici\u00f3n y en la leyenda, creados para explicar el universo, el origen del mundo, los fen\u00f3menos naturales y as\u00ed como tambi\u00e9n para cualquier suceso para el cual no haya una explicaci\u00f3n conocida. Sin embargo, no todos los mitos tienen por qu\u00e9 tener este prop\u00f3sito explicativo. Igualmente, la mayor\u00eda de los mitos est\u00e1n relacionados con una fuerza natural o deidad, pero muchos son simplemente historias y leyendas que se han ido transmitiendo oralmente de generaci\u00f3n en generaci\u00f3n.<\/p>\n\n\n\n<hr class=\"wp-block-separator has-css-opacity\"\/>\n\n\n\n<p>Son los mitos y leyendas o historias fant\u00e1sticas de diferentes culturas, en este blog se abarcan los personajes, sus historias, sus actos heroicos o sus maldades y su paso a trav\u00e9s de la historia.<\/p>\n\n\n\n<p>Tanto la mitolog\u00eda griega como la mitolog\u00eda india, mitolog\u00eda n\u00f3rdica,  mitolog\u00eda azteca,  mitolog\u00eda inca, mitolog\u00eda china, mitolog\u00eda japonesa, todas las culturas tienen sus propias historias, mitos y leyendas y trataremos de incorporar gran parte de estas historias en este blog.<\/p>\n\n\n\n<hr class=\"wp-block-separator has-css-opacity\"\/>\n\n\n\n<figure class=\"wp-block-gallery has-nested-images columns-default is-cropped wp-block-gallery-1 is-layout-flex wp-block-gallery-is-layout-flex\">\n<figure class=\"wp-block-image size-large\"><img loading=\"lazy\" decoding=\"async\" width=\"1024\" height=\"1024\" data-id=\"114\" src=\"https:\/\/misblogs.site\/wp-content\/uploads\/2021\/08\/mitoogia-maya-1024x1024.jpg\" alt=\"\" class=\"wp-image-114\" srcset=\"https:\/\/misblogs.site\/wp-content\/uploads\/2021\/08\/mitoogia-maya-1024x1024.jpg 1024w, https:\/\/misblogs.site\/wp-content\/uploads\/2021\/08\/mitoogia-maya-300x300.jpg 300w, https:\/\/misblogs.site\/wp-content\/uploads\/2021\/08\/mitoogia-maya-150x150.jpg 150w, https:\/\/misblogs.site\/wp-content\/uploads\/2021\/08\/mitoogia-maya-768x768.jpg 768w, https:\/\/misblogs.site\/wp-content\/uploads\/2021\/08\/mitoogia-maya.jpg 1080w\" sizes=\"auto, (max-width: 1024px) 100vw, 1024px\" \/><figcaption class=\"wp-element-caption\">Mitolog\u00eda Maya<\/figcaption><\/figure>\n\n\n\n<figure class=\"wp-block-image size-large\"><img loading=\"lazy\" decoding=\"async\" width=\"732\" height=\"1024\" data-id=\"112\" src=\"https:\/\/misblogs.site\/wp-content\/uploads\/2021\/08\/mitologia-griega-732x1024.jpg\" alt=\"\" class=\"wp-image-112\" srcset=\"https:\/\/misblogs.site\/wp-content\/uploads\/2021\/08\/mitologia-griega-732x1024.jpg 732w, https:\/\/misblogs.site\/wp-content\/uploads\/2021\/08\/mitologia-griega-214x300.jpg 214w, https:\/\/misblogs.site\/wp-content\/uploads\/2021\/08\/mitologia-griega-768x1074.jpg 768w, https:\/\/misblogs.site\/wp-content\/uploads\/2021\/08\/mitologia-griega-1098x1536.jpg 1098w, https:\/\/misblogs.site\/wp-content\/uploads\/2021\/08\/mitologia-griega.jpg 1464w\" sizes=\"auto, (max-width: 732px) 100vw, 732px\" \/><figcaption class=\"wp-element-caption\">Mitolog\u00eda Griega<\/figcaption><\/figure>\n\n\n\n<figure class=\"wp-block-image size-large\"><img loading=\"lazy\" decoding=\"async\" width=\"484\" height=\"633\" data-id=\"113\" src=\"https:\/\/misblogs.site\/wp-content\/uploads\/2021\/08\/mitologia-japonesa.jpg\" alt=\"\" class=\"wp-image-113\" srcset=\"https:\/\/misblogs.site\/wp-content\/uploads\/2021\/08\/mitologia-japonesa.jpg 484w, https:\/\/misblogs.site\/wp-content\/uploads\/2021\/08\/mitologia-japonesa-229x300.jpg 229w\" sizes=\"auto, (max-width: 484px) 100vw, 484px\" \/><figcaption class=\"wp-element-caption\">Mitolog\u00eda Japonesa<\/figcaption><\/figure>\n\n\n\n<figure class=\"wp-block-image size-large\"><img loading=\"lazy\" decoding=\"async\" width=\"640\" height=\"853\" data-id=\"115\" src=\"https:\/\/misblogs.site\/wp-content\/uploads\/2021\/08\/mitologia-egipcia.jpg\" alt=\"\" class=\"wp-image-115\" srcset=\"https:\/\/misblogs.site\/wp-content\/uploads\/2021\/08\/mitologia-egipcia.jpg 640w, https:\/\/misblogs.site\/wp-content\/uploads\/2021\/08\/mitologia-egipcia-225x300.jpg 225w\" sizes=\"auto, (max-width: 640px) 100vw, 640px\" \/><figcaption class=\"wp-element-caption\">Mitolog\u00eda Egipcia<\/figcaption><\/figure>\n\n\n\n<figure class=\"wp-block-image size-large\"><img loading=\"lazy\" decoding=\"async\" width=\"564\" height=\"752\" data-id=\"116\" src=\"https:\/\/misblogs.site\/wp-content\/uploads\/2021\/08\/mitologia-azteca.jpg\" alt=\"\" class=\"wp-image-116\" srcset=\"https:\/\/misblogs.site\/wp-content\/uploads\/2021\/08\/mitologia-azteca.jpg 564w, https:\/\/misblogs.site\/wp-content\/uploads\/2021\/08\/mitologia-azteca-225x300.jpg 225w\" sizes=\"auto, (max-width: 564px) 100vw, 564px\" \/><figcaption class=\"wp-element-caption\">Mitolog\u00eda Azteca<\/figcaption><\/figure>\n\n\n\n<figure class=\"wp-block-image size-large\"><img loading=\"lazy\" decoding=\"async\" width=\"423\" height=\"640\" data-id=\"117\" src=\"https:\/\/misblogs.site\/wp-content\/uploads\/2021\/08\/mitologia-nordica.jpg\" alt=\"\" class=\"wp-image-117\" srcset=\"https:\/\/misblogs.site\/wp-content\/uploads\/2021\/08\/mitologia-nordica.jpg 423w, https:\/\/misblogs.site\/wp-content\/uploads\/2021\/08\/mitologia-nordica-198x300.jpg 198w\" sizes=\"auto, (max-width: 423px) 100vw, 423px\" \/><figcaption class=\"wp-element-caption\">Mitolog\u00eda Nordica<\/figcaption><\/figure>\n<\/figure>\n\n\n\n<p>La mitolog\u00eda aparece de manera prominente en la mayor\u00eda de las religiones y, de igual modo, la mayor\u00eda de las mitolog\u00edas est\u00e1n relacionadas con, al menos, una religi\u00f3n.<\/p>\n\n\n\n<p>El t\u00e9rmino se suele usar m\u00e1s frecuentemente en este sentido para referirse a las religiones fundadas por sociedades antiguas, como la mitolog\u00eda griega, la mitolog\u00eda romana y la mitolog\u00eda escandinava. Sin embargo, es importante recordar que, mientras que algunas personas ven los panteones escandinavo y celta como meras f\u00e1bulas, otros las consideran religiones (v\u00e9ase neopaganismo). Del mismo modo, ello tambi\u00e9n sucede al analizar las mitolog\u00edas de los pueblos ind\u00edgenas (ejemplo la Mitolog\u00eda de Am\u00e9rica del Sur); en el que se pueden observar casos en que a\u00fan se profesan las religiones nativas.<\/p>\n\n\n\n<p>Generalmente, muchas personas no consideran los relatos que rodean al origen y desarrollo de religiones como el cristianismo, juda\u00edsmo e islam, como cr\u00f3nicas literales de hechos, sino como representaciones figurativas o simb\u00f3licas de sus sistemas de valores.<\/p>\n\n\n\n<p>Aun as\u00ed, igualmente, muchas personas entre ellos ateos, agn\u00f3sticos, o creyentes de algunas de estas mismas religiones, emplean las palabras mito y mitolog\u00eda para caracterizar como falsas o a lo sumo dudosas, las historias que aparecen en una o m\u00e1s religiones, o a las religiones diferentes a la que es creyente. De este modo la gente que pertenece a la mayor\u00eda de las religiones que est\u00e1n presentes actualmente, se ofende cuando se toma a su fe como un conjunto de mitos; ya que para ellos, esto, equivale a decir que su religi\u00f3n en s\u00ed es una mentira, lo cual va en contra de sus creencias. Ejemplo de ello sucede en muchos grupos cristianos en relaci\u00f3n con los relatos de la Biblia, en el cual sus creyentes no consideran, generalmente, que sean mitol\u00f3gicas algunas de sus historias, y que solo se usa esta palabra para referirse a ellas en un sentido peyorativo.<\/p>\n\n\n\n<p>Sin embargo, la mayor\u00eda de la gente est\u00e1 de acuerdo con que cada religi\u00f3n tiene un conjunto de mitos que se ha desarrollado alrededor de sus escrituras religiosas; ya que en s\u00ed la palabra mito se refiere a hechos que no son posibles de ser verificados de manera objetiva. De este modo, igualmente se considera que se puede hablar de mitolog\u00eda jud\u00eda, mitolog\u00eda cristiana o mitolog\u00eda isl\u00e1mica, para referirnos a los elementos m\u00edticos que existen en estas creencias; sin hablar de la veracidad de los principios de la fe o de las versiones de su historia; pues la creencia de su religi\u00f3n como algo verdadero compete a la fe y creencias de cada persona, y no del estudio de los mitos.<\/p>\n\n\n\n<p>Ejemplo de ello, son los sacerdotes y rabinos de hoy en d\u00eda dentro de los movimientos jud\u00edos y cristianos m\u00e1s liberales, adem\u00e1s de los neopaganos, que no tienen problemas en admitir que sus textos religiosos contienen mitos. As\u00ed, ven sus textos sagrados como verdades religiosas, reveladas por inspiraci\u00f3n divina, pero mostradas en el lenguaje del g\u00e9nero humano. Aun as\u00ed, como sucede en todo \u00e1mbito, otros, al contrario, no est\u00e1n de acuerdo con ello.<\/p>\n","protected":false},"excerpt":{"rendered":"<p>La mitolog\u00eda es un conjunto de mitos relativamente cohesionados o paralelamente adheridos: relatos que forman parte de una determinada religi\u00f3n o cultura. Tambi\u00e9n se les denomina mitos a los discursos, narraciones o expresiones culturales de origen sagrado, y que posteriormente fueron secularizados y tratados como discursos relativos a una cultura, a una \u00e9poca o a [&hellip;]<\/p>\n","protected":false},"author":1,"featured_media":0,"parent":0,"menu_order":0,"comment_status":"closed","ping_status":"closed","template":"","meta":{"_monsterinsights_skip_tracking":false,"_monsterinsights_sitenote_active":false,"_monsterinsights_sitenote_note":"","_monsterinsights_sitenote_category":0,"footnotes":""},"class_list":["post-23","page","type-page","status-publish","hentry"],"_links":{"self":[{"href":"https:\/\/misblogs.site\/index.php\/wp-json\/wp\/v2\/pages\/23","targetHints":{"allow":["GET"]}}],"collection":[{"href":"https:\/\/misblogs.site\/index.php\/wp-json\/wp\/v2\/pages"}],"about":[{"href":"https:\/\/misblogs.site\/index.php\/wp-json\/wp\/v2\/types\/page"}],"author":[{"embeddable":true,"href":"https:\/\/misblogs.site\/index.php\/wp-json\/wp\/v2\/users\/1"}],"replies":[{"embeddable":true,"href":"https:\/\/misblogs.site\/index.php\/wp-json\/wp\/v2\/comments?post=23"}],"version-history":[{"count":8,"href":"https:\/\/misblogs.site\/index.php\/wp-json\/wp\/v2\/pages\/23\/revisions"}],"predecessor-version":[{"id":1876,"href":"https:\/\/misblogs.site\/index.php\/wp-json\/wp\/v2\/pages\/23\/revisions\/1876"}],"wp:attachment":[{"href":"https:\/\/misblogs.site\/index.php\/wp-json\/wp\/v2\/media?parent=23"}],"curies":[{"name":"wp","href":"https:\/\/api.w.org\/{rel}","templated":true}]}}