{"id":27,"date":"2021-02-18T03:20:46","date_gmt":"2021-02-18T03:20:46","guid":{"rendered":"http:\/\/misblogs.site\/?page_id=27"},"modified":"2025-04-10T06:06:56","modified_gmt":"2025-04-10T06:06:56","slug":"historia-de-videojuegos","status":"publish","type":"page","link":"https:\/\/misblogs.site\/index.php\/historia-de-videojuegos\/","title":{"rendered":"Videojuegos Retro"},"content":{"rendered":"\n<figure class=\"wp-block-image size-large\"><img loading=\"lazy\" decoding=\"async\" width=\"1024\" height=\"576\" src=\"http:\/\/misblogs.site\/wp-content\/uploads\/2021\/05\/2-1-1024x576-1.jpg\" alt=\"\" class=\"wp-image-72\" srcset=\"https:\/\/misblogs.site\/wp-content\/uploads\/2021\/05\/2-1-1024x576-1.jpg 1024w, https:\/\/misblogs.site\/wp-content\/uploads\/2021\/05\/2-1-1024x576-1-300x169.jpg 300w, https:\/\/misblogs.site\/wp-content\/uploads\/2021\/05\/2-1-1024x576-1-768x432.jpg 768w, https:\/\/misblogs.site\/wp-content\/uploads\/2021\/05\/2-1-1024x576-1-800x450.jpg 800w\" sizes=\"auto, (max-width: 1024px) 100vw, 1024px\" \/><\/figure>\n\n\n\n<p><\/p>\n\n\n\n<div class=\"wp-block-buttons is-content-justification-center is-layout-flex wp-container-core-buttons-is-layout-16018d1d wp-block-buttons-is-layout-flex\">\n<div class=\"wp-block-button has-custom-width wp-block-button__width-50 is-style-fill\"><a class=\"wp-block-button__link has-background wp-element-button\" href=\"https:\/\/retrogamer.misblogs.site\/\" style=\"background:linear-gradient(17deg,rgb(7,39,227) 0%,rgb(206,81,224) 100%)\" target=\"_blank\" rel=\"noreferrer noopener\">Retro Gamer<\/a><\/div>\n<\/div>\n\n\n\n<p>Los videojuegos tienen cabida en gran parte de mi vida y estoy tan inmerso en su mundo que quiero saber m\u00e1s acerca de ellos, jugarlos no es suficiente, as\u00ed que adem\u00e1s de transportarme a esos mundos fant\u00e1sticos o de pesadilla me interesa mucho saber todo lo que lo rodea desde la concepci\u00f3n de la idea, pasando por el desarrollo  y hasta su lanzamiento, pero no solo eso, tambi\u00e9n la \u00e9poca en la que sucedi\u00f3 todo eso, es decir, con qu\u00e9 situaciones culturales, econ\u00f3micas, sociales se dio  a conocer, qu\u00e9 personajes eran los mas populares en ese momento, y cu\u00e1l era su competencia, a qu\u00e9 otros juegos inspir\u00f3 o cuales se inspiraron en \u00e9l y por supuesto sus desarrolladores.<\/p>\n\n\n\n<p><\/p>\n\n\n\n<p>Publicar una descripci\u00f3n del juego incluyendo material audio visual como im\u00e1genes y videos para mostrar mejor al videojuego.<\/p>\n\n\n\n<p><\/p>\n\n\n\n<p>Juegos  para todas las consolas desde el inicio con menciones de las historias mas incre\u00edbles en este mundo del desarrollo y los autores que hicieron posible que despertara una nueva visi\u00f3n en nosotros, de estas nuevas formas de entretenimiento que entran por nuestros ojos y que nos hacen tener sensaciones nueva que sab\u00edamos que exist\u00edan.<\/p>\n\n\n\n<p><\/p>\n\n\n\n<figure class=\"wp-block-gallery has-nested-images columns-default is-cropped wp-block-gallery-1 is-layout-flex wp-block-gallery-is-layout-flex\">\n<figure class=\"wp-block-image size-large\"><img loading=\"lazy\" decoding=\"async\" width=\"601\" height=\"801\" data-id=\"166\" src=\"https:\/\/misblogs.site\/wp-content\/uploads\/2021\/08\/atari.jpg\" alt=\"\" class=\"wp-image-166\" srcset=\"https:\/\/misblogs.site\/wp-content\/uploads\/2021\/08\/atari.jpg 601w, https:\/\/misblogs.site\/wp-content\/uploads\/2021\/08\/atari-225x300.jpg 225w\" sizes=\"auto, (max-width: 601px) 100vw, 601px\" \/><\/figure>\n\n\n\n<figure class=\"wp-block-image size-large\"><img loading=\"lazy\" decoding=\"async\" width=\"601\" height=\"801\" data-id=\"167\" src=\"https:\/\/misblogs.site\/wp-content\/uploads\/2021\/08\/nintendo.jpg\" alt=\"\" class=\"wp-image-167\" srcset=\"https:\/\/misblogs.site\/wp-content\/uploads\/2021\/08\/nintendo.jpg 601w, https:\/\/misblogs.site\/wp-content\/uploads\/2021\/08\/nintendo-225x300.jpg 225w\" sizes=\"auto, (max-width: 601px) 100vw, 601px\" \/><\/figure>\n\n\n\n<figure class=\"wp-block-image size-large\"><img loading=\"lazy\" decoding=\"async\" width=\"601\" height=\"801\" data-id=\"165\" src=\"https:\/\/misblogs.site\/wp-content\/uploads\/2021\/08\/arcade.jpg\" alt=\"\" class=\"wp-image-165\" srcset=\"https:\/\/misblogs.site\/wp-content\/uploads\/2021\/08\/arcade.jpg 601w, https:\/\/misblogs.site\/wp-content\/uploads\/2021\/08\/arcade-225x300.jpg 225w\" sizes=\"auto, (max-width: 601px) 100vw, 601px\" \/><\/figure>\n\n\n\n<figure class=\"wp-block-image size-large\"><img loading=\"lazy\" decoding=\"async\" width=\"601\" height=\"801\" data-id=\"169\" src=\"https:\/\/misblogs.site\/wp-content\/uploads\/2021\/08\/sega.jpg\" alt=\"\" class=\"wp-image-169\" srcset=\"https:\/\/misblogs.site\/wp-content\/uploads\/2021\/08\/sega.jpg 601w, https:\/\/misblogs.site\/wp-content\/uploads\/2021\/08\/sega-225x300.jpg 225w\" sizes=\"auto, (max-width: 601px) 100vw, 601px\" \/><\/figure>\n\n\n\n<figure class=\"wp-block-image size-large\"><img loading=\"lazy\" decoding=\"async\" width=\"601\" height=\"801\" data-id=\"168\" src=\"https:\/\/misblogs.site\/wp-content\/uploads\/2021\/08\/play-station.jpg\" alt=\"\" class=\"wp-image-168\" srcset=\"https:\/\/misblogs.site\/wp-content\/uploads\/2021\/08\/play-station.jpg 601w, https:\/\/misblogs.site\/wp-content\/uploads\/2021\/08\/play-station-225x300.jpg 225w\" sizes=\"auto, (max-width: 601px) 100vw, 601px\" \/><\/figure>\n\n\n\n<figure class=\"wp-block-image size-large\"><img loading=\"lazy\" decoding=\"async\" width=\"601\" height=\"801\" data-id=\"170\" src=\"https:\/\/misblogs.site\/wp-content\/uploads\/2021\/08\/x-box.jpg\" alt=\"\" class=\"wp-image-170\" srcset=\"https:\/\/misblogs.site\/wp-content\/uploads\/2021\/08\/x-box.jpg 601w, https:\/\/misblogs.site\/wp-content\/uploads\/2021\/08\/x-box-225x300.jpg 225w\" sizes=\"auto, (max-width: 601px) 100vw, 601px\" \/><\/figure>\n<\/figure>\n\n\n\n<p>Se conoce como retrogaming, en espa\u00f1ol jugar a los cl\u00e1sicos, a la afici\u00f3n de jugar y recolectar computadoras, videojuegos y juegos arcade antiguos. Con estos videojuegos se puede jugar tanto con el hardware original como con uno moderno y un emulador, o por medio de puertos o compilaciones. A los aficionados se les conoce en el Reino Unido como retrogamers, mientras que los t\u00e9rminos classic gamers u old school gamers son m\u00e1s frecuentes en los Estados Unidos. Lo mismo ocurre con los calificativos retrogames, classic games u old-school games. El t\u00e9rmino retrogaming tambi\u00e9n se asocia en ocasiones a, aunque sin ser sin\u00f3nimo, indie gaming, la afici\u00f3n de jugar a videojuegos que no han sido publicados por un editor convencional.\u200b El t\u00e9rmino old-school tambi\u00e9n podr\u00eda utilizarse para un juego nuevo pero con caracter\u00edsticas de los juegos antiguos, tales como old-school RPGs.<\/p>\n","protected":false},"excerpt":{"rendered":"<p>Los videojuegos tienen cabida en gran parte de mi vida y estoy tan inmerso en su mundo que quiero saber m\u00e1s acerca de ellos, jugarlos no es suficiente, as\u00ed que adem\u00e1s de transportarme a esos mundos fant\u00e1sticos o de pesadilla me interesa mucho saber todo lo que lo rodea desde la concepci\u00f3n de la idea, [&hellip;]<\/p>\n","protected":false},"author":1,"featured_media":0,"parent":0,"menu_order":0,"comment_status":"closed","ping_status":"closed","template":"","meta":{"_monsterinsights_skip_tracking":false,"_monsterinsights_sitenote_active":false,"_monsterinsights_sitenote_note":"","_monsterinsights_sitenote_category":0,"footnotes":""},"class_list":["post-27","page","type-page","status-publish","hentry"],"_links":{"self":[{"href":"https:\/\/misblogs.site\/index.php\/wp-json\/wp\/v2\/pages\/27","targetHints":{"allow":["GET"]}}],"collection":[{"href":"https:\/\/misblogs.site\/index.php\/wp-json\/wp\/v2\/pages"}],"about":[{"href":"https:\/\/misblogs.site\/index.php\/wp-json\/wp\/v2\/types\/page"}],"author":[{"embeddable":true,"href":"https:\/\/misblogs.site\/index.php\/wp-json\/wp\/v2\/users\/1"}],"replies":[{"embeddable":true,"href":"https:\/\/misblogs.site\/index.php\/wp-json\/wp\/v2\/comments?post=27"}],"version-history":[{"count":8,"href":"https:\/\/misblogs.site\/index.php\/wp-json\/wp\/v2\/pages\/27\/revisions"}],"predecessor-version":[{"id":1907,"href":"https:\/\/misblogs.site\/index.php\/wp-json\/wp\/v2\/pages\/27\/revisions\/1907"}],"wp:attachment":[{"href":"https:\/\/misblogs.site\/index.php\/wp-json\/wp\/v2\/media?parent=27"}],"curies":[{"name":"wp","href":"https:\/\/api.w.org\/{rel}","templated":true}]}}