{"id":29,"date":"2021-02-18T03:21:11","date_gmt":"2021-02-18T03:21:11","guid":{"rendered":"http:\/\/misblogs.site\/?page_id=29"},"modified":"2023-09-23T02:19:24","modified_gmt":"2023-09-23T02:19:24","slug":"quiero-crear-un-videojuego","status":"publish","type":"page","link":"https:\/\/misblogs.site\/index.php\/quiero-crear-un-videojuego\/","title":{"rendered":"Quiero crear un videojuego"},"content":{"rendered":"\n<figure class=\"wp-block-image size-large\"><img loading=\"lazy\" decoding=\"async\" width=\"1024\" height=\"560\" src=\"http:\/\/misblogs.site\/wp-content\/uploads\/2021\/05\/mando-1024x560.png\" alt=\"\" class=\"wp-image-61\" srcset=\"https:\/\/misblogs.site\/wp-content\/uploads\/2021\/05\/mando-1024x560.png 1024w, https:\/\/misblogs.site\/wp-content\/uploads\/2021\/05\/mando-300x164.png 300w, https:\/\/misblogs.site\/wp-content\/uploads\/2021\/05\/mando-768x420.png 768w, https:\/\/misblogs.site\/wp-content\/uploads\/2021\/05\/mando-1536x840.png 1536w, https:\/\/misblogs.site\/wp-content\/uploads\/2021\/05\/mando-2048x1120.png 2048w, https:\/\/misblogs.site\/wp-content\/uploads\/2021\/05\/mando-800x438.png 800w\" sizes=\"auto, (max-width: 1024px) 100vw, 1024px\" \/><\/figure>\n\n\n\n<p><\/p>\n\n\n\n<div class=\"wp-block-buttons is-content-justification-center is-layout-flex wp-container-core-buttons-is-layout-16018d1d wp-block-buttons-is-layout-flex\">\n<div class=\"wp-block-button is-style-outline is-style-outline--1\"><a class=\"wp-block-button__link has-accent-color has-midnight-gradient-background has-text-color has-background wp-element-button\" href=\"http:\/\/eduardogarcia.dev\/\" style=\"border-radius:50px\" target=\"_blank\" rel=\"noreferrer noopener\">Visitar el Blog<\/a><\/div>\n<\/div>\n\n\n\n<p><\/p>\n\n\n\n<ul class=\"wp-block-social-links aligncenter is-style-default is-layout-flex wp-block-social-links-is-layout-flex\"><li class=\"wp-social-link wp-social-link-instagram  wp-block-social-link\"><a rel=\"noopener nofollow\" target=\"_blank\" href=\"https:\/\/www.instagram.com\/edugar.dev\/\" class=\"wp-block-social-link-anchor\"><svg width=\"24\" height=\"24\" viewBox=\"0 0 24 24\" version=\"1.1\" xmlns=\"http:\/\/www.w3.org\/2000\/svg\" aria-hidden=\"true\" focusable=\"false\"><path d=\"M12,4.622c2.403,0,2.688,0.009,3.637,0.052c0.877,0.04,1.354,0.187,1.671,0.31c0.42,0.163,0.72,0.358,1.035,0.673 c0.315,0.315,0.51,0.615,0.673,1.035c0.123,0.317,0.27,0.794,0.31,1.671c0.043,0.949,0.052,1.234,0.052,3.637 s-0.009,2.688-0.052,3.637c-0.04,0.877-0.187,1.354-0.31,1.671c-0.163,0.42-0.358,0.72-0.673,1.035 c-0.315,0.315-0.615,0.51-1.035,0.673c-0.317,0.123-0.794,0.27-1.671,0.31c-0.949,0.043-1.233,0.052-3.637,0.052 s-2.688-0.009-3.637-0.052c-0.877-0.04-1.354-0.187-1.671-0.31c-0.42-0.163-0.72-0.358-1.035-0.673 c-0.315-0.315-0.51-0.615-0.673-1.035c-0.123-0.317-0.27-0.794-0.31-1.671C4.631,14.688,4.622,14.403,4.622,12 s0.009-2.688,0.052-3.637c0.04-0.877,0.187-1.354,0.31-1.671c0.163-0.42,0.358-0.72,0.673-1.035 c0.315-0.315,0.615-0.51,1.035-0.673c0.317-0.123,0.794-0.27,1.671-0.31C9.312,4.631,9.597,4.622,12,4.622 M12,3 C9.556,3,9.249,3.01,8.289,3.054C7.331,3.098,6.677,3.25,6.105,3.472C5.513,3.702,5.011,4.01,4.511,4.511 c-0.5,0.5-0.808,1.002-1.038,1.594C3.25,6.677,3.098,7.331,3.054,8.289C3.01,9.249,3,9.556,3,12c0,2.444,0.01,2.751,0.054,3.711 c0.044,0.958,0.196,1.612,0.418,2.185c0.23,0.592,0.538,1.094,1.038,1.594c0.5,0.5,1.002,0.808,1.594,1.038 c0.572,0.222,1.227,0.375,2.185,0.418C9.249,20.99,9.556,21,12,21s2.751-0.01,3.711-0.054c0.958-0.044,1.612-0.196,2.185-0.418 c0.592-0.23,1.094-0.538,1.594-1.038c0.5-0.5,0.808-1.002,1.038-1.594c0.222-0.572,0.375-1.227,0.418-2.185 C20.99,14.751,21,14.444,21,12s-0.01-2.751-0.054-3.711c-0.044-0.958-0.196-1.612-0.418-2.185c-0.23-0.592-0.538-1.094-1.038-1.594 c-0.5-0.5-1.002-0.808-1.594-1.038c-0.572-0.222-1.227-0.375-2.185-0.418C14.751,3.01,14.444,3,12,3L12,3z M12,7.378 c-2.552,0-4.622,2.069-4.622,4.622S9.448,16.622,12,16.622s4.622-2.069,4.622-4.622S14.552,7.378,12,7.378z M12,15 c-1.657,0-3-1.343-3-3s1.343-3,3-3s3,1.343,3,3S13.657,15,12,15z M16.804,6.116c-0.596,0-1.08,0.484-1.08,1.08 s0.484,1.08,1.08,1.08c0.596,0,1.08-0.484,1.08-1.08S17.401,6.116,16.804,6.116z\"><\/path><\/svg><span class=\"wp-block-social-link-label screen-reader-text\">Instagram<\/span><\/a><\/li><\/ul>\n\n\n\n<p>Es un blog en el que detallar\u00e9 mi trayecto desde cero hasta crear un videojuego, muy importante no ense\u00f1are a crear un videojuego, si no que mostrare solamente lo que pase para hacerlo. Tambi\u00e9n cabe decir que no dedico todo mi tiempo a crearlo, tengo mi trabajo como desarrollador y solo podre hacerlo en tiempos libres ya que no siento que pueda dedicarme a esto al cien por ciento.<\/p>\n\n\n\n<p><\/p>\n\n\n\n<p>Pasare por todo mi aprendizaje en internet, videos, tutoriales, cursos, libros, videojuegos como Mario Maker, aplicaciones como bloxels, programas como Unity, Game Maker, etc. son las herramientas que tengo para seguir adelante.<\/p>\n\n\n\n<p>Tambien estan las cosas que te impiden avanzar como la rutina, el trabajo, la procastinaci\u00f3n, etc. todas las dificultades que solo retrasan el desarrollo.<\/p>\n\n\n\n<p><\/p>\n\n\n\n<hr class=\"wp-block-separator has-css-opacity\"\/>\n\n\n\n<p><\/p>\n\n\n\n<figure class=\"wp-block-gallery has-nested-images columns-default is-cropped wp-block-gallery-2 is-layout-flex wp-block-gallery-is-layout-flex\">\n<figure class=\"wp-block-image size-large\"><img loading=\"lazy\" decoding=\"async\" width=\"601\" height=\"801\" data-id=\"151\" src=\"https:\/\/misblogs.site\/wp-content\/uploads\/2021\/08\/Mario-Maker-Videojuegos-para-crear-videojuegos.jpg\" alt=\"\" class=\"wp-image-151\" srcset=\"https:\/\/misblogs.site\/wp-content\/uploads\/2021\/08\/Mario-Maker-Videojuegos-para-crear-videojuegos.jpg 601w, https:\/\/misblogs.site\/wp-content\/uploads\/2021\/08\/Mario-Maker-Videojuegos-para-crear-videojuegos-225x300.jpg 225w\" sizes=\"auto, (max-width: 601px) 100vw, 601px\" \/><\/figure>\n\n\n\n<figure class=\"wp-block-image size-large\"><img loading=\"lazy\" decoding=\"async\" width=\"601\" height=\"801\" data-id=\"152\" src=\"https:\/\/misblogs.site\/wp-content\/uploads\/2021\/08\/unity-5.jpg\" alt=\"\" class=\"wp-image-152\" srcset=\"https:\/\/misblogs.site\/wp-content\/uploads\/2021\/08\/unity-5.jpg 601w, https:\/\/misblogs.site\/wp-content\/uploads\/2021\/08\/unity-5-225x300.jpg 225w\" sizes=\"auto, (max-width: 601px) 100vw, 601px\" \/><\/figure>\n\n\n\n<figure class=\"wp-block-image size-large\"><img loading=\"lazy\" decoding=\"async\" width=\"601\" height=\"801\" data-id=\"150\" src=\"https:\/\/misblogs.site\/wp-content\/uploads\/2021\/08\/Game-Maker-Studio.jpg\" alt=\"\" class=\"wp-image-150\" srcset=\"https:\/\/misblogs.site\/wp-content\/uploads\/2021\/08\/Game-Maker-Studio.jpg 601w, https:\/\/misblogs.site\/wp-content\/uploads\/2021\/08\/Game-Maker-Studio-225x300.jpg 225w\" sizes=\"auto, (max-width: 601px) 100vw, 601px\" \/><\/figure>\n\n\n\n<figure class=\"wp-block-image size-large\"><img loading=\"lazy\" decoding=\"async\" width=\"600\" height=\"800\" data-id=\"148\" src=\"https:\/\/misblogs.site\/wp-content\/uploads\/2021\/08\/Bibliografia.jpg\" alt=\"\" class=\"wp-image-148\" srcset=\"https:\/\/misblogs.site\/wp-content\/uploads\/2021\/08\/Bibliografia.jpg 600w, https:\/\/misblogs.site\/wp-content\/uploads\/2021\/08\/Bibliografia-225x300.jpg 225w\" sizes=\"auto, (max-width: 600px) 100vw, 600px\" \/><\/figure>\n\n\n\n<figure class=\"wp-block-image size-large\"><img loading=\"lazy\" decoding=\"async\" width=\"600\" height=\"800\" data-id=\"149\" src=\"https:\/\/misblogs.site\/wp-content\/uploads\/2021\/08\/Bloxels-Aplicacion-para-crear-videojuegos.jpg\" alt=\"\" class=\"wp-image-149\" srcset=\"https:\/\/misblogs.site\/wp-content\/uploads\/2021\/08\/Bloxels-Aplicacion-para-crear-videojuegos.jpg 600w, https:\/\/misblogs.site\/wp-content\/uploads\/2021\/08\/Bloxels-Aplicacion-para-crear-videojuegos-225x300.jpg 225w\" sizes=\"auto, (max-width: 600px) 100vw, 600px\" \/><\/figure>\n\n\n\n<figure class=\"wp-block-image size-large\"><img loading=\"lazy\" decoding=\"async\" width=\"601\" height=\"801\" data-id=\"153\" src=\"https:\/\/misblogs.site\/wp-content\/uploads\/2021\/08\/Visual.jpg\" alt=\"\" class=\"wp-image-153\" srcset=\"https:\/\/misblogs.site\/wp-content\/uploads\/2021\/08\/Visual.jpg 601w, https:\/\/misblogs.site\/wp-content\/uploads\/2021\/08\/Visual-225x300.jpg 225w\" sizes=\"auto, (max-width: 601px) 100vw, 601px\" \/><\/figure>\n<\/figure>\n","protected":false},"excerpt":{"rendered":"<p>Es un blog en el que detallar\u00e9 mi trayecto desde cero hasta crear un videojuego, muy importante no ense\u00f1are a crear un videojuego, si no que mostrare solamente lo que pase para hacerlo. Tambi\u00e9n cabe decir que no dedico todo mi tiempo a crearlo, tengo mi trabajo como desarrollador y solo podre hacerlo en tiempos [&hellip;]<\/p>\n","protected":false},"author":1,"featured_media":0,"parent":0,"menu_order":0,"comment_status":"closed","ping_status":"closed","template":"","meta":{"_monsterinsights_skip_tracking":false,"_monsterinsights_sitenote_active":false,"_monsterinsights_sitenote_note":"","_monsterinsights_sitenote_category":0,"footnotes":""},"class_list":["post-29","page","type-page","status-publish","hentry"],"_links":{"self":[{"href":"https:\/\/misblogs.site\/index.php\/wp-json\/wp\/v2\/pages\/29","targetHints":{"allow":["GET"]}}],"collection":[{"href":"https:\/\/misblogs.site\/index.php\/wp-json\/wp\/v2\/pages"}],"about":[{"href":"https:\/\/misblogs.site\/index.php\/wp-json\/wp\/v2\/types\/page"}],"author":[{"embeddable":true,"href":"https:\/\/misblogs.site\/index.php\/wp-json\/wp\/v2\/users\/1"}],"replies":[{"embeddable":true,"href":"https:\/\/misblogs.site\/index.php\/wp-json\/wp\/v2\/comments?post=29"}],"version-history":[{"count":11,"href":"https:\/\/misblogs.site\/index.php\/wp-json\/wp\/v2\/pages\/29\/revisions"}],"predecessor-version":[{"id":260,"href":"https:\/\/misblogs.site\/index.php\/wp-json\/wp\/v2\/pages\/29\/revisions\/260"}],"wp:attachment":[{"href":"https:\/\/misblogs.site\/index.php\/wp-json\/wp\/v2\/media?parent=29"}],"curies":[{"name":"wp","href":"https:\/\/api.w.org\/{rel}","templated":true}]}}