{"id":31,"date":"2021-02-18T03:21:37","date_gmt":"2021-02-18T03:21:37","guid":{"rendered":"http:\/\/misblogs.site\/?page_id=31"},"modified":"2023-09-23T02:17:56","modified_gmt":"2023-09-23T02:17:56","slug":"programacion","status":"publish","type":"page","link":"https:\/\/misblogs.site\/index.php\/programacion\/","title":{"rendered":"Programaci\u00f3n"},"content":{"rendered":"\n<figure class=\"wp-block-image size-large\"><img loading=\"lazy\" decoding=\"async\" width=\"1024\" height=\"437\" src=\"http:\/\/misblogs.site\/wp-content\/uploads\/2021\/05\/mepro-1024x437.png\" alt=\"\" class=\"wp-image-66\" srcset=\"https:\/\/misblogs.site\/wp-content\/uploads\/2021\/05\/mepro-1024x437.png 1024w, https:\/\/misblogs.site\/wp-content\/uploads\/2021\/05\/mepro-300x128.png 300w, https:\/\/misblogs.site\/wp-content\/uploads\/2021\/05\/mepro-768x328.png 768w, https:\/\/misblogs.site\/wp-content\/uploads\/2021\/05\/mepro-1536x655.png 1536w, https:\/\/misblogs.site\/wp-content\/uploads\/2021\/05\/mepro-2048x874.png 2048w, https:\/\/misblogs.site\/wp-content\/uploads\/2021\/05\/mepro-800x341.png 800w\" sizes=\"auto, (max-width: 1024px) 100vw, 1024px\" \/><\/figure>\n\n\n\n<p>Sitio para aprender a programar con cursos y tutoriales, adem\u00e1s de encontrar contenido referente a la facturaci\u00f3n electr\u00f3nica (Mex)<\/p>\n\n\n\n<p><\/p>\n\n\n\n<div class=\"wp-block-buttons is-content-justification-center is-layout-flex wp-container-core-buttons-is-layout-16018d1d wp-block-buttons-is-layout-flex\">\n<div class=\"wp-block-button is-style-outline is-style-outline--1\"><a class=\"wp-block-button__link has-white-color has-midnight-gradient-background has-text-color has-background wp-element-button\" href=\"https:\/\/www.mejorprogramacion.com\/\" style=\"border-radius:50px\" target=\"_blank\" rel=\"noreferrer noopener\">Mejorprogramacion.com<\/a><\/div>\n<\/div>\n\n\n\n<p><\/p>\n\n\n\n<p>Mejorprogramacion.com es un sitio para aprender a programar que est\u00e1 en constante crecimiento, puedes encontrar cursos, tutoriales, y informaci\u00f3n referente a la facturaci\u00f3n electr\u00f3nica en M\u00e9xico.<\/p>\n\n\n\n<p>Cursos de Android, Javascript, Introducci\u00f3n a la programaci\u00f3n, Tutoriales variados de diferentes lenguajes de programaci\u00f3n,  son los que podr\u00e1s encontrar en el sitio.<\/p>\n\n\n\n<hr class=\"wp-block-separator has-css-opacity\"\/>\n\n\n\n<figure class=\"wp-block-gallery has-nested-images columns-default is-cropped wp-block-gallery-2 is-layout-flex wp-block-gallery-is-layout-flex\">\n<figure class=\"wp-block-image size-large\"><img loading=\"lazy\" decoding=\"async\" width=\"845\" height=\"1024\" data-id=\"145\" src=\"https:\/\/misblogs.site\/wp-content\/uploads\/2021\/08\/facturacion-845x1024.jpg\" alt=\"\" class=\"wp-image-145\" srcset=\"https:\/\/misblogs.site\/wp-content\/uploads\/2021\/08\/facturacion-845x1024.jpg 845w, https:\/\/misblogs.site\/wp-content\/uploads\/2021\/08\/facturacion-248x300.jpg 248w, https:\/\/misblogs.site\/wp-content\/uploads\/2021\/08\/facturacion-768x930.jpg 768w, https:\/\/misblogs.site\/wp-content\/uploads\/2021\/08\/facturacion.jpg 1127w\" sizes=\"auto, (max-width: 845px) 100vw, 845px\" \/><\/figure>\n\n\n\n<figure class=\"wp-block-image size-large\"><img loading=\"lazy\" decoding=\"async\" width=\"846\" height=\"1024\" data-id=\"143\" src=\"https:\/\/misblogs.site\/wp-content\/uploads\/2021\/08\/android-846x1024.jpg\" alt=\"\" class=\"wp-image-143\" srcset=\"https:\/\/misblogs.site\/wp-content\/uploads\/2021\/08\/android-846x1024.jpg 846w, https:\/\/misblogs.site\/wp-content\/uploads\/2021\/08\/android-248x300.jpg 248w, https:\/\/misblogs.site\/wp-content\/uploads\/2021\/08\/android-768x929.jpg 768w, https:\/\/misblogs.site\/wp-content\/uploads\/2021\/08\/android.jpg 1128w\" sizes=\"auto, (max-width: 846px) 100vw, 846px\" \/><\/figure>\n\n\n\n<figure class=\"wp-block-image size-large\"><img loading=\"lazy\" decoding=\"async\" width=\"845\" height=\"1024\" data-id=\"144\" src=\"https:\/\/misblogs.site\/wp-content\/uploads\/2021\/08\/javascript-1-845x1024.jpg\" alt=\"\" class=\"wp-image-144\" srcset=\"https:\/\/misblogs.site\/wp-content\/uploads\/2021\/08\/javascript-1-845x1024.jpg 845w, https:\/\/misblogs.site\/wp-content\/uploads\/2021\/08\/javascript-1-248x300.jpg 248w, https:\/\/misblogs.site\/wp-content\/uploads\/2021\/08\/javascript-1-768x930.jpg 768w, https:\/\/misblogs.site\/wp-content\/uploads\/2021\/08\/javascript-1.jpg 1127w\" sizes=\"auto, (max-width: 845px) 100vw, 845px\" \/><\/figure>\n<\/figure>\n\n\n\n<p>Aprender\u00e1s a hacer una aplicaci\u00f3n para Android en Android Studio de forma b\u00e1sica conociendo los diferentes controles que se pueden utilizar.<\/p>\n\n\n\n<p>Algunas funciones b\u00e1sicas de Javascript con ejemplos pr\u00e1cticos.<\/p>\n\n\n\n<p>Conocer\u00e1s las partes de una factura electr\u00f3nica, as\u00ed como los complementos de n\u00f3mina, el complemento de pagos, el catalogo de productos y servicios, informaci\u00f3n de c\u00f3mo se hace un pago de anticipos, la metodolog\u00eda para la cancelaci\u00f3n de una factura y el nuevo complemento de  Carta Porte, todo esto orientado para desarrolladores.<\/p>\n","protected":false},"excerpt":{"rendered":"<p>Sitio para aprender a programar con cursos y tutoriales, adem\u00e1s de encontrar contenido referente a la facturaci\u00f3n electr\u00f3nica (Mex) Mejorprogramacion.com es un sitio para aprender a programar que est\u00e1 en constante crecimiento, puedes encontrar cursos, tutoriales, y informaci\u00f3n referente a la facturaci\u00f3n electr\u00f3nica en M\u00e9xico. Cursos de Android, Javascript, Introducci\u00f3n a la programaci\u00f3n, Tutoriales variados [&hellip;]<\/p>\n","protected":false},"author":1,"featured_media":0,"parent":0,"menu_order":0,"comment_status":"closed","ping_status":"closed","template":"","meta":{"_monsterinsights_skip_tracking":false,"_monsterinsights_sitenote_active":false,"_monsterinsights_sitenote_note":"","_monsterinsights_sitenote_category":0,"footnotes":""},"class_list":["post-31","page","type-page","status-publish","hentry"],"_links":{"self":[{"href":"https:\/\/misblogs.site\/index.php\/wp-json\/wp\/v2\/pages\/31","targetHints":{"allow":["GET"]}}],"collection":[{"href":"https:\/\/misblogs.site\/index.php\/wp-json\/wp\/v2\/pages"}],"about":[{"href":"https:\/\/misblogs.site\/index.php\/wp-json\/wp\/v2\/types\/page"}],"author":[{"embeddable":true,"href":"https:\/\/misblogs.site\/index.php\/wp-json\/wp\/v2\/users\/1"}],"replies":[{"embeddable":true,"href":"https:\/\/misblogs.site\/index.php\/wp-json\/wp\/v2\/comments?post=31"}],"version-history":[{"count":7,"href":"https:\/\/misblogs.site\/index.php\/wp-json\/wp\/v2\/pages\/31\/revisions"}],"predecessor-version":[{"id":258,"href":"https:\/\/misblogs.site\/index.php\/wp-json\/wp\/v2\/pages\/31\/revisions\/258"}],"wp:attachment":[{"href":"https:\/\/misblogs.site\/index.php\/wp-json\/wp\/v2\/media?parent=31"}],"curies":[{"name":"wp","href":"https:\/\/api.w.org\/{rel}","templated":true}]}}